{"id":528,"date":"2019-04-24T11:05:01","date_gmt":"2019-04-24T09:05:01","guid":{"rendered":"http:\/\/fey-pfaff.de\/wp\/?page_id=528"},"modified":"2019-04-25T09:39:42","modified_gmt":"2019-04-25T07:39:42","slug":"kontakt","status":"publish","type":"page","link":"https:\/\/fey-pfaff.de\/wp\/?page_id=528","title":{"rendered":"Kontakt"},"content":{"rendered":"\t\t<div data-elementor-type=\"wp-post\" data-elementor-id=\"528\" class=\"elementor elementor-528\">\n\t\t\t\t\t\t<section class=\"elementor-section elementor-top-section elementor-element elementor-element-ebb4f9b elementor-section-boxed elementor-section-height-default elementor-section-height-default\" data-id=\"ebb4f9b\" data-element_type=\"section\" data-e-type=\"section\">\n\t\t\t\t\t\t<div class=\"elementor-container elementor-column-gap-default\">\n\t\t\t\t\t<div class=\"elementor-column elementor-col-100 elementor-top-column elementor-element elementor-element-610253c\" data-id=\"610253c\" data-element_type=\"column\" data-e-type=\"column\">\n\t\t\t<div class=\"elementor-widget-wrap elementor-element-populated\">\n\t\t\t\t\t\t<div class=\"elementor-element elementor-element-8d15c87 elementor-widget elementor-widget-heading\" data-id=\"8d15c87\" data-element_type=\"widget\" data-e-type=\"widget\" data-widget_type=\"heading.default\">\n\t\t\t\t<div class=\"elementor-widget-container\">\n\t\t\t\t\t<h2 class=\"elementor-heading-title elementor-size-default\">SIE WOLLEN MEHR,...<\/h2>\t\t\t\t<\/div>\n\t\t\t\t<\/div>\n\t\t\t\t\t<\/div>\n\t\t<\/div>\n\t\t\t\t\t<\/div>\n\t\t<\/section>\n\t\t\t\t<section class=\"elementor-section elementor-top-section elementor-element elementor-element-27b2964 elementor-section-boxed elementor-section-height-default elementor-section-height-default\" data-id=\"27b2964\" data-element_type=\"section\" data-e-type=\"section\">\n\t\t\t\t\t\t<div class=\"elementor-container elementor-column-gap-default\">\n\t\t\t\t\t<div class=\"elementor-column elementor-col-100 elementor-top-column elementor-element elementor-element-57cb186\" data-id=\"57cb186\" data-element_type=\"column\" data-e-type=\"column\">\n\t\t\t<div class=\"elementor-widget-wrap elementor-element-populated\">\n\t\t\t\t\t\t<div class=\"elementor-element elementor-element-70db6fe elementor-widget elementor-widget-heading\" data-id=\"70db6fe\" data-element_type=\"widget\" data-e-type=\"widget\" data-widget_type=\"heading.default\">\n\t\t\t\t<div class=\"elementor-widget-container\">\n\t\t\t\t\t<h2 class=\"elementor-heading-title elementor-size-default\">w\u00fcnschen quasi einen \"Nachschlag\"<\/h2>\t\t\t\t<\/div>\n\t\t\t\t<\/div>\n\t\t\t\t\t<\/div>\n\t\t<\/div>\n\t\t\t\t\t<\/div>\n\t\t<\/section>\n\t\t\t\t<section class=\"elementor-section elementor-top-section elementor-element elementor-element-2045a14 elementor-section-boxed elementor-section-height-default elementor-section-height-default\" data-id=\"2045a14\" data-element_type=\"section\" data-e-type=\"section\">\n\t\t\t\t\t\t<div class=\"elementor-container elementor-column-gap-default\">\n\t\t\t\t\t<div class=\"elementor-column elementor-col-100 elementor-top-column elementor-element elementor-element-643b7c5\" data-id=\"643b7c5\" data-element_type=\"column\" data-e-type=\"column\">\n\t\t\t<div class=\"elementor-widget-wrap elementor-element-populated\">\n\t\t\t\t\t\t<div class=\"elementor-element elementor-element-619f482 elementor-widget elementor-widget-text-editor\" data-id=\"619f482\" data-element_type=\"widget\" data-e-type=\"widget\" data-widget_type=\"text-editor.default\">\n\t\t\t\t<div class=\"elementor-widget-container\">\n\t\t\t\t\t\t\t\t\t<p>Essen im gro\u00dfen Stil kann man in Zahlen ausdr\u00fccken,\u00a0in Worte fassen,<br \/>aber am besten eben im Geschmack erleben.<br \/>Schreiben Sie uns kurz, wenn wir Sie unterst\u00fctzen k\u00f6nnen.<br \/>Schauen Sie gerne in unsere T\u00f6pfe..<\/p>\t\t\t\t\t\t\t\t<\/div>\n\t\t\t\t<\/div>\n\t\t\t\t\t<\/div>\n\t\t<\/div>\n\t\t\t\t\t<\/div>\n\t\t<\/section>\n\t\t\t\t<section class=\"elementor-section elementor-top-section elementor-element elementor-element-e4b8ce3 elementor-section-boxed elementor-section-height-default elementor-section-height-default\" data-id=\"e4b8ce3\" data-element_type=\"section\" data-e-type=\"section\">\n\t\t\t\t\t\t<div class=\"elementor-container elementor-column-gap-default\">\n\t\t\t\t\t<div class=\"elementor-column elementor-col-100 elementor-top-column elementor-element elementor-element-794eead\" data-id=\"794eead\" data-element_type=\"column\" data-e-type=\"column\" data-settings=\"{&quot;background_background&quot;:&quot;classic&quot;}\">\n\t\t\t<div class=\"elementor-widget-wrap elementor-element-populated\">\n\t\t\t\t\t\t<section class=\"elementor-section elementor-inner-section elementor-element elementor-element-b45c005 elementor-section-boxed elementor-section-height-default elementor-section-height-default\" data-id=\"b45c005\" data-element_type=\"section\" data-e-type=\"section\">\n\t\t\t\t\t\t<div class=\"elementor-container elementor-column-gap-default\">\n\t\t\t\t\t<div class=\"elementor-column elementor-col-50 elementor-inner-column elementor-element elementor-element-27995b3\" data-id=\"27995b3\" data-element_type=\"column\" data-e-type=\"column\" data-settings=\"{&quot;background_background&quot;:&quot;classic&quot;}\">\n\t\t\t<div class=\"elementor-widget-wrap elementor-element-populated\">\n\t\t\t\t\t\t<div class=\"elementor-element elementor-element-b20d111 elementor-widget elementor-widget-heading\" data-id=\"b20d111\" data-element_type=\"widget\" data-e-type=\"widget\" data-widget_type=\"heading.default\">\n\t\t\t\t<div class=\"elementor-widget-container\">\n\t\t\t\t\t<h2 class=\"elementor-heading-title elementor-size-default\">Ich m\u00f6chte gern...<\/h2>\t\t\t\t<\/div>\n\t\t\t\t<\/div>\n\t\t\t\t<div class=\"elementor-element elementor-element-df7f259 elementor-widget elementor-widget-shortcode\" data-id=\"df7f259\" data-element_type=\"widget\" data-e-type=\"widget\" data-widget_type=\"shortcode.default\">\n\t\t\t\t<div class=\"elementor-widget-container\">\n\t\t\t\t\t\t\t<div class=\"elementor-shortcode\"><div class=\"wpforms-container wpforms-container-full\" id=\"wpforms-536\"><form id=\"wpforms-form-536\" class=\"wpforms-validate wpforms-form\" data-formid=\"536\" method=\"post\" enctype=\"multipart\/form-data\" action=\"\/wp\/index.php?rest_route=%2Fwp%2Fv2%2Fpages%2F528\" data-token=\"ee4025726162fa0a56f1d112c212dc01\" data-token-time=\"1776219723\"><noscript class=\"wpforms-error-noscript\">Bitte aktiviere JavaScript in deinem Browser, um dieses Formular fertigzustellen.<\/noscript><div class=\"wpforms-field-container\"><div id=\"wpforms-536-field_2-container\" class=\"wpforms-field wpforms-field-textarea\" data-field-id=\"2\"><textarea id=\"wpforms-536-field_2\" class=\"wpforms-field-medium wpforms-field-required\" name=\"wpforms[fields][2]\" required><\/textarea><\/div><div id=\"wpforms-536-field_1-container\" class=\"wpforms-field wpforms-field-email\" data-field-id=\"1\"><label class=\"wpforms-field-label\" for=\"wpforms-536-field_1\">Meine E-Mail Adresse ist <span class=\"wpforms-required-label\">*<\/span><\/label><input type=\"email\" id=\"wpforms-536-field_1\" class=\"wpforms-field-medium wpforms-field-required\" name=\"wpforms[fields][1]\" spellcheck=\"false\" required><\/div><div id=\"wpforms-536-field_3-container\" class=\"wpforms-field wpforms-field-checkbox\" data-field-id=\"3\"><ul id=\"wpforms-536-field_3\" class=\"wpforms-field-required\"><li class=\"choice-1 depth-1\"><input type=\"checkbox\" id=\"wpforms-536-field_3_1\" name=\"wpforms[fields][3][]\" value=\"Gew\u00e4hlt\" required ><label class=\"wpforms-field-label-inline\" for=\"wpforms-536-field_3_1\">Wahlm\u00f6glichkeit 1<\/label><\/li><\/ul><div class=\"wpforms-field-description\">Ich stimme zu, dass meine Angaben aus dem Kontaktformular zur Beantwortung meiner Anfrage erhoben und verarbeitet werden. Die Daten werden nach abgeschlossener Bearbeitung Ihrer Anfrage gel\u00f6scht. Detaillierte Informationen zum Umgang mit Nutzerdaten finden Sie in unserer <a href=https:\/\/fey-pfaff.de\/wp\/?page_id=487 target=new>Datenschutzerkl\u00e4rung<\/a>.<\/div><\/div><\/div><!-- .wpforms-field-container --><div class=\"wpforms-field wpforms-field-hp\"><label for=\"wpforms-536-field-hp\" class=\"wpforms-field-label\">Phone<\/label><input type=\"text\" name=\"wpforms[hp]\" id=\"wpforms-536-field-hp\" class=\"wpforms-field-medium\"><\/div><div class=\"wpforms-submit-container\" ><input type=\"hidden\" name=\"wpforms[id]\" value=\"536\"><input type=\"hidden\" name=\"page_title\" value=\"\"><input type=\"hidden\" name=\"page_url\" value=\"https:\/\/fey-pfaff.de\/wp\/index.php?rest_route=\/wp\/v2\/pages\/528\"><input type=\"hidden\" name=\"url_referer\" value=\"\"><button type=\"submit\" name=\"wpforms[submit]\" id=\"wpforms-submit-536\" class=\"wpforms-submit\" data-alt-text=\"Senden...\" data-submit-text=\"jetzt senden\" aria-live=\"assertive\" value=\"wpforms-submit\">jetzt senden<\/button><\/div><\/form><\/div>  <!-- .wpforms-container --><\/div>\n\t\t\t\t\t\t<\/div>\n\t\t\t\t<\/div>\n\t\t\t\t\t<\/div>\n\t\t<\/div>\n\t\t\t\t<div class=\"elementor-column elementor-col-50 elementor-inner-column elementor-element elementor-element-331ec46\" data-id=\"331ec46\" data-element_type=\"column\" data-e-type=\"column\">\n\t\t\t<div class=\"elementor-widget-wrap elementor-element-populated\">\n\t\t\t\t\t\t<div class=\"elementor-element elementor-element-e41dbcf elementor-widget elementor-widget-text-editor\" data-id=\"e41dbcf\" data-element_type=\"widget\" data-e-type=\"widget\" data-widget_type=\"text-editor.default\">\n\t\t\t\t<div class=\"elementor-widget-container\">\n\t\t\t\t\t\t\t\t\t<p>Unsere Anschrift ist:<br \/><br \/><b>Fey + Pfaff GmbH<\/b><br \/>Kompetenz in Service und Genuss<br \/>Am Keuper 9<br \/>90475 N\u00fcrnberg<br \/>Telefon 09128 40708-0<br \/>Fax 09128 40708-29<br \/>info@fey-pfaff.de<\/p>\t\t\t\t\t\t\t\t<\/div>\n\t\t\t\t<\/div>\n\t\t\t\t\t<\/div>\n\t\t<\/div>\n\t\t\t\t\t<\/div>\n\t\t<\/section>\n\t\t\t\t\t<\/div>\n\t\t<\/div>\n\t\t\t\t\t<\/div>\n\t\t<\/section>\n\t\t\t\t<\/div>\n\t\t","protected":false},"excerpt":{"rendered":"<p>SIE WOLLEN MEHR,&#8230; w\u00fcnschen quasi einen &#8222;Nachschlag&#8220; Essen im gro\u00dfen Stil kann man in Zahlen ausdr\u00fccken,\u00a0in Worte fassen,aber am besten eben im Geschmack erleben.Schreiben Sie uns kurz, wenn wir Sie unterst\u00fctzen k\u00f6nnen.Schauen Sie gerne in unsere T\u00f6pfe.. Ich m\u00f6chte gern&#8230; Unsere Anschrift ist: Fey + Pfaff GmbHKompetenz in Service und GenussAm Keuper 990475 N\u00fcrnbergTelefon 09128 [&hellip;]<\/p>\n","protected":false},"author":1,"featured_media":479,"parent":0,"menu_order":0,"comment_status":"closed","ping_status":"closed","template":"","meta":{"footnotes":""},"class_list":["post-528","page","type-page","status-publish","has-post-thumbnail","hentry"],"_links":{"self":[{"href":"https:\/\/fey-pfaff.de\/wp\/index.php?rest_route=\/wp\/v2\/pages\/528","targetHints":{"allow":["GET"]}}],"collection":[{"href":"https:\/\/fey-pfaff.de\/wp\/index.php?rest_route=\/wp\/v2\/pages"}],"about":[{"href":"https:\/\/fey-pfaff.de\/wp\/index.php?rest_route=\/wp\/v2\/types\/page"}],"author":[{"embeddable":true,"href":"https:\/\/fey-pfaff.de\/wp\/index.php?rest_route=\/wp\/v2\/users\/1"}],"replies":[{"embeddable":true,"href":"https:\/\/fey-pfaff.de\/wp\/index.php?rest_route=%2Fwp%2Fv2%2Fcomments&post=528"}],"version-history":[{"count":8,"href":"https:\/\/fey-pfaff.de\/wp\/index.php?rest_route=\/wp\/v2\/pages\/528\/revisions"}],"predecessor-version":[{"id":681,"href":"https:\/\/fey-pfaff.de\/wp\/index.php?rest_route=\/wp\/v2\/pages\/528\/revisions\/681"}],"wp:featuredmedia":[{"embeddable":true,"href":"https:\/\/fey-pfaff.de\/wp\/index.php?rest_route=\/wp\/v2\/media\/479"}],"wp:attachment":[{"href":"https:\/\/fey-pfaff.de\/wp\/index.php?rest_route=%2Fwp%2Fv2%2Fmedia&parent=528"}],"curies":[{"name":"wp","href":"https:\/\/api.w.org\/{rel}","templated":true}]}}