{"id":5,"date":"2019-03-12T10:10:15","date_gmt":"2019-03-12T09:10:15","guid":{"rendered":"http:\/\/fey-pfaff.de\/wp\/?page_id=5"},"modified":"2022-10-23T10:50:47","modified_gmt":"2022-10-23T08:50:47","slug":"home","status":"publish","type":"page","link":"https:\/\/fey-pfaff.de\/wp\/","title":{"rendered":"Home"},"content":{"rendered":"\t\t<div data-elementor-type=\"wp-post\" data-elementor-id=\"5\" class=\"elementor elementor-5\">\n\t\t\t\t\t\t<section class=\"elementor-section elementor-top-section elementor-element elementor-element-5c4246c elementor-hidden-desktop elementor-hidden-tablet elementor-hidden-phone elementor-section-boxed elementor-section-height-default elementor-section-height-default\" data-id=\"5c4246c\" data-element_type=\"section\" data-e-type=\"section\">\n\t\t\t\t\t\t<div class=\"elementor-container elementor-column-gap-default\">\n\t\t\t\t\t<div class=\"elementor-column elementor-col-100 elementor-top-column elementor-element elementor-element-f96b016\" data-id=\"f96b016\" data-element_type=\"column\" data-e-type=\"column\">\n\t\t\t<div class=\"elementor-widget-wrap elementor-element-populated\">\n\t\t\t\t\t\t<div class=\"elementor-element elementor-element-fa756be elementor-widget elementor-widget-text-editor\" data-id=\"fa756be\" data-element_type=\"widget\" data-e-type=\"widget\" data-widget_type=\"text-editor.default\">\n\t\t\t\t<div class=\"elementor-widget-container\">\n\t\t\t\t\t\t\t\t\t<a href=\/wp\/?page_id=109#gastro><img decoding=\"async\" src=\"http:\/\/fey-pfaff.de\/wp\/wp-content\/uploads\/2019\/04\/Konf.png\" width=\"30\" \/><\/a>\u00a0\u00a0\u00a0\u00a0\u00a0\u00a0\u00a0\u00a0<img decoding=\"async\" src=\"http:\/\/fey-pfaff.de\/wp\/wp-content\/uploads\/2019\/04\/Konf.png\" width=\"30\" \/>\u00a0\u00a0\u00a0\u00a0\u00a0\u00a0\u00a0\u00a0<img decoding=\"async\" src=\"http:\/\/fey-pfaff.de\/wp\/wp-content\/uploads\/2019\/04\/Konf.png\" width=\"30\" \/>\t\t\t\t\t\t\t\t<\/div>\n\t\t\t\t<\/div>\n\t\t\t\t\t<\/div>\n\t\t<\/div>\n\t\t\t\t\t<\/div>\n\t\t<\/section>\n\t\t\t\t<section class=\"elementor-section elementor-top-section elementor-element elementor-element-f497b29 elementor-hidden-desktop elementor-hidden-tablet elementor-hidden-phone elementor-section-boxed elementor-section-height-default elementor-section-height-default\" data-id=\"f497b29\" data-element_type=\"section\" data-e-type=\"section\">\n\t\t\t\t\t\t<div class=\"elementor-container elementor-column-gap-default\">\n\t\t\t\t\t<div class=\"elementor-column elementor-col-100 elementor-top-column elementor-element elementor-element-4f671ec\" data-id=\"4f671ec\" data-element_type=\"column\" data-e-type=\"column\">\n\t\t\t<div class=\"elementor-widget-wrap elementor-element-populated\">\n\t\t\t\t\t\t<section class=\"elementor-section elementor-inner-section elementor-element elementor-element-2fcfc7a elementor-section-boxed elementor-section-height-default elementor-section-height-default\" data-id=\"2fcfc7a\" data-element_type=\"section\" data-e-type=\"section\">\n\t\t\t\t\t\t<div class=\"elementor-container elementor-column-gap-default\">\n\t\t\t\t\t<div class=\"elementor-column elementor-col-50 elementor-inner-column elementor-element elementor-element-fde35cc\" data-id=\"fde35cc\" data-element_type=\"column\" data-e-type=\"column\">\n\t\t\t<div class=\"elementor-widget-wrap elementor-element-populated\">\n\t\t\t\t\t\t<div class=\"elementor-element elementor-element-5a5f689 elementor-widget elementor-widget-image\" data-id=\"5a5f689\" data-element_type=\"widget\" data-e-type=\"widget\" data-widget_type=\"image.default\">\n\t\t\t\t<div class=\"elementor-widget-container\">\n\t\t\t\t\t\t\t\t\t\t\t\t\t\t\t\t<a href=\"?page_id=136#zertifizierung\">\n\t\t\t\t\t\t\t<img decoding=\"async\" width=\"142\" height=\"108\" src=\"https:\/\/fey-pfaff.de\/wp\/wp-content\/uploads\/2019\/03\/image-11.png\" class=\"attachment-thumbnail size-thumbnail wp-image-144\" alt=\"\" \/>\t\t\t\t\t\t\t\t<\/a>\n\t\t\t\t\t\t\t\t\t\t\t\t\t\t\t<\/div>\n\t\t\t\t<\/div>\n\t\t\t\t\t<\/div>\n\t\t<\/div>\n\t\t\t\t<div class=\"elementor-column elementor-col-50 elementor-inner-column elementor-element elementor-element-af48fad\" data-id=\"af48fad\" data-element_type=\"column\" data-e-type=\"column\">\n\t\t\t<div class=\"elementor-widget-wrap elementor-element-populated\">\n\t\t\t\t\t\t<div class=\"elementor-element elementor-element-bd6fde4 elementor-widget elementor-widget-image\" data-id=\"bd6fde4\" data-element_type=\"widget\" data-e-type=\"widget\" data-widget_type=\"image.default\">\n\t\t\t\t<div class=\"elementor-widget-container\">\n\t\t\t\t\t\t\t\t\t\t\t\t\t\t\t\t<a href=\"?page_id=136#biozertifizierung\">\n\t\t\t\t\t\t\t<img decoding=\"async\" width=\"150\" height=\"150\" src=\"https:\/\/fey-pfaff.de\/wp\/wp-content\/uploads\/2020\/10\/BIO-Siegel-4c_vollflaechig_600dpi-150x150.jpg\" class=\"attachment-thumbnail size-thumbnail wp-image-751\" alt=\"\" srcset=\"https:\/\/fey-pfaff.de\/wp\/wp-content\/uploads\/2020\/10\/BIO-Siegel-4c_vollflaechig_600dpi-150x150.jpg 150w, https:\/\/fey-pfaff.de\/wp\/wp-content\/uploads\/2020\/10\/BIO-Siegel-4c_vollflaechig_600dpi-300x300.jpg 300w, https:\/\/fey-pfaff.de\/wp\/wp-content\/uploads\/2020\/10\/BIO-Siegel-4c_vollflaechig_600dpi-1024x1024.jpg 1024w, https:\/\/fey-pfaff.de\/wp\/wp-content\/uploads\/2020\/10\/BIO-Siegel-4c_vollflaechig_600dpi-768x768.jpg 768w, https:\/\/fey-pfaff.de\/wp\/wp-content\/uploads\/2020\/10\/BIO-Siegel-4c_vollflaechig_600dpi-1536x1536.jpg 1536w, https:\/\/fey-pfaff.de\/wp\/wp-content\/uploads\/2020\/10\/BIO-Siegel-4c_vollflaechig_600dpi-2048x2048.jpg 2048w\" sizes=\"(max-width: 150px) 100vw, 150px\" \/>\t\t\t\t\t\t\t\t<\/a>\n\t\t\t\t\t\t\t\t\t\t\t\t\t\t\t<\/div>\n\t\t\t\t<\/div>\n\t\t\t\t\t<\/div>\n\t\t<\/div>\n\t\t\t\t\t<\/div>\n\t\t<\/section>\n\t\t\t\t\t<\/div>\n\t\t<\/div>\n\t\t\t\t\t<\/div>\n\t\t<\/section>\n\t\t\t\t<section class=\"elementor-section elementor-top-section elementor-element elementor-element-973f478 elementor-section-boxed elementor-section-height-default elementor-section-height-default\" data-id=\"973f478\" data-element_type=\"section\" data-e-type=\"section\">\n\t\t\t\t\t\t<div class=\"elementor-container elementor-column-gap-default\">\n\t\t\t\t\t<div class=\"elementor-column elementor-col-100 elementor-top-column elementor-element elementor-element-910b090\" data-id=\"910b090\" data-element_type=\"column\" data-e-type=\"column\">\n\t\t\t<div class=\"elementor-widget-wrap elementor-element-populated\">\n\t\t\t\t\t\t<div class=\"elementor-element elementor-element-c410937 elementor-widget elementor-widget-spacer\" data-id=\"c410937\" data-element_type=\"widget\" data-e-type=\"widget\" data-widget_type=\"spacer.default\">\n\t\t\t\t<div class=\"elementor-widget-container\">\n\t\t\t\t\t\t\t<div class=\"elementor-spacer\">\n\t\t\t<div class=\"elementor-spacer-inner\"><\/div>\n\t\t<\/div>\n\t\t\t\t\t\t<\/div>\n\t\t\t\t<\/div>\n\t\t\t\t\t<\/div>\n\t\t<\/div>\n\t\t\t\t\t<\/div>\n\t\t<\/section>\n\t\t\t\t<section class=\"elementor-section elementor-top-section elementor-element elementor-element-136181f elementor-section-boxed elementor-section-height-default elementor-section-height-default\" data-id=\"136181f\" data-element_type=\"section\" data-e-type=\"section\" data-settings=\"{&quot;background_background&quot;:&quot;classic&quot;}\">\n\t\t\t\t\t\t<div class=\"elementor-container elementor-column-gap-default\">\n\t\t\t\t\t<div class=\"elementor-column elementor-col-100 elementor-top-column elementor-element elementor-element-7fbb20b\" data-id=\"7fbb20b\" data-element_type=\"column\" data-e-type=\"column\">\n\t\t\t<div class=\"elementor-widget-wrap elementor-element-populated\">\n\t\t\t\t\t\t<div class=\"elementor-element elementor-element-7d7f2bb elementor-widget elementor-widget-heading\" data-id=\"7d7f2bb\" data-element_type=\"widget\" data-e-type=\"widget\" data-widget_type=\"heading.default\">\n\t\t\t\t<div class=\"elementor-widget-container\">\n\t\t\t\t\t<h2 class=\"elementor-heading-title elementor-size-default\">Mahlzeit oder herzlich Willkommen<\/h2>\t\t\t\t<\/div>\n\t\t\t\t<\/div>\n\t\t\t\t<div class=\"elementor-element elementor-element-8dd1c16 elementor-widget elementor-widget-text-editor\" data-id=\"8dd1c16\" data-element_type=\"widget\" data-e-type=\"widget\" data-widget_type=\"text-editor.default\">\n\t\t\t\t<div class=\"elementor-widget-container\">\n\t\t\t\t\t\t\t\t\t<p>Sch\u00f6n, dass Sie uns besuchen kommen.<br \/>Sie wollen einen Blick in unsere T\u00f6pfe werfen?<\/p>\t\t\t\t\t\t\t\t<\/div>\n\t\t\t\t<\/div>\n\t\t\t\t<div class=\"elementor-element elementor-element-1c98aff elementor-widget elementor-widget-text-editor\" data-id=\"1c98aff\" data-element_type=\"widget\" data-e-type=\"widget\" data-widget_type=\"text-editor.default\">\n\t\t\t\t<div class=\"elementor-widget-container\">\n\t\t\t\t\t\t\t\t\t<p>Wir freuen uns auf jeden Gast jeden Tag aufs Neue und m\u00f6chten, dass Sie mit uns die sch\u00f6nen Momente des Tages erleben. Egal, ob Sie nun gerade eines unserer vielen Betriebsrestaurants besuchen, in einem Bistro oder Kiosk stehen und unsere t\u00e4glichen Gerichte genie\u00dfen, wir geben unser bestes. Vielseitig, g\u00fcnstig und frisch.<\/p><p>Ebenso bieten wir f\u00fcr Kindergarten und Kindertagesst\u00e4tte, f\u00fcr Schulen sowie f\u00fcr Krankenh\u00e4user, Seniorenheime und Seniorenstifte unsere Kochk\u00fcnste an, damit der soziale Alltag richtig rund l\u00e4uft. Holen Sie sich schon mal Appetit auf unseren Seiten&#8230;<\/p><p>&#8230; Mahlzeit!<\/p>\t\t\t\t\t\t\t\t<\/div>\n\t\t\t\t<\/div>\n\t\t\t\t\t<\/div>\n\t\t<\/div>\n\t\t\t\t\t<\/div>\n\t\t<\/section>\n\t\t\t\t<\/div>\n\t\t","protected":false},"excerpt":{"rendered":"<p>\u00a0\u00a0\u00a0\u00a0\u00a0\u00a0\u00a0\u00a0\u00a0\u00a0\u00a0\u00a0\u00a0\u00a0\u00a0\u00a0 Mahlzeit oder herzlich Willkommen Sch\u00f6n, dass Sie uns besuchen kommen.Sie wollen einen Blick in unsere T\u00f6pfe werfen? Wir freuen uns auf jeden Gast jeden Tag aufs Neue und m\u00f6chten, dass Sie mit uns die sch\u00f6nen Momente des Tages erleben. Egal, ob Sie nun gerade eines unserer vielen Betriebsrestaurants besuchen, in einem Bistro oder Kiosk [&hellip;]<\/p>\n","protected":false},"author":1,"featured_media":18,"parent":0,"menu_order":0,"comment_status":"closed","ping_status":"closed","template":"","meta":{"footnotes":""},"class_list":["post-5","page","type-page","status-publish","has-post-thumbnail","hentry"],"_links":{"self":[{"href":"https:\/\/fey-pfaff.de\/wp\/index.php?rest_route=\/wp\/v2\/pages\/5","targetHints":{"allow":["GET"]}}],"collection":[{"href":"https:\/\/fey-pfaff.de\/wp\/index.php?rest_route=\/wp\/v2\/pages"}],"about":[{"href":"https:\/\/fey-pfaff.de\/wp\/index.php?rest_route=\/wp\/v2\/types\/page"}],"author":[{"embeddable":true,"href":"https:\/\/fey-pfaff.de\/wp\/index.php?rest_route=\/wp\/v2\/users\/1"}],"replies":[{"embeddable":true,"href":"https:\/\/fey-pfaff.de\/wp\/index.php?rest_route=%2Fwp%2Fv2%2Fcomments&post=5"}],"version-history":[{"count":93,"href":"https:\/\/fey-pfaff.de\/wp\/index.php?rest_route=\/wp\/v2\/pages\/5\/revisions"}],"predecessor-version":[{"id":2619,"href":"https:\/\/fey-pfaff.de\/wp\/index.php?rest_route=\/wp\/v2\/pages\/5\/revisions\/2619"}],"wp:featuredmedia":[{"embeddable":true,"href":"https:\/\/fey-pfaff.de\/wp\/index.php?rest_route=\/wp\/v2\/media\/18"}],"wp:attachment":[{"href":"https:\/\/fey-pfaff.de\/wp\/index.php?rest_route=%2Fwp%2Fv2%2Fmedia&parent=5"}],"curies":[{"name":"wp","href":"https:\/\/api.w.org\/{rel}","templated":true}]}}