{"id":489,"date":"2019-04-24T06:36:54","date_gmt":"2019-04-24T04:36:54","guid":{"rendered":"http:\/\/fey-pfaff.de\/wp\/?page_id=489"},"modified":"2019-04-24T06:43:59","modified_gmt":"2019-04-24T04:43:59","slug":"haftungsausschluss","status":"publish","type":"page","link":"https:\/\/fey-pfaff.de\/wp\/?page_id=489","title":{"rendered":"Haftungsausschluss"},"content":{"rendered":"\t\t<div data-elementor-type=\"wp-post\" data-elementor-id=\"489\" class=\"elementor elementor-489\">\n\t\t\t\t\t\t<section class=\"elementor-section elementor-top-section elementor-element elementor-element-03059b5 elementor-section-boxed elementor-section-height-default elementor-section-height-default\" data-id=\"03059b5\" data-element_type=\"section\" data-e-type=\"section\">\n\t\t\t\t\t\t<div class=\"elementor-container elementor-column-gap-default\">\n\t\t\t\t\t<div class=\"elementor-column elementor-col-100 elementor-top-column elementor-element elementor-element-23c2075\" data-id=\"23c2075\" data-element_type=\"column\" data-e-type=\"column\">\n\t\t\t<div class=\"elementor-widget-wrap elementor-element-populated\">\n\t\t\t\t\t\t<div class=\"elementor-element elementor-element-f04eacb elementor-widget elementor-widget-heading\" data-id=\"f04eacb\" data-element_type=\"widget\" data-e-type=\"widget\" data-widget_type=\"heading.default\">\n\t\t\t\t<div class=\"elementor-widget-container\">\n\t\t\t\t\t<h2 class=\"elementor-heading-title elementor-size-default\">Haftungsausschluss \/ Disclaimer<\/h2>\t\t\t\t<\/div>\n\t\t\t\t<\/div>\n\t\t\t\t\t<\/div>\n\t\t<\/div>\n\t\t\t\t\t<\/div>\n\t\t<\/section>\n\t\t\t\t<section class=\"elementor-section elementor-top-section elementor-element elementor-element-1652760 elementor-section-boxed elementor-section-height-default elementor-section-height-default\" data-id=\"1652760\" data-element_type=\"section\" data-e-type=\"section\">\n\t\t\t\t\t\t<div class=\"elementor-container elementor-column-gap-default\">\n\t\t\t\t\t<div class=\"elementor-column elementor-col-100 elementor-top-column elementor-element elementor-element-b253a0e\" data-id=\"b253a0e\" data-element_type=\"column\" data-e-type=\"column\">\n\t\t\t<div class=\"elementor-widget-wrap elementor-element-populated\">\n\t\t\t\t\t\t<div class=\"elementor-element elementor-element-8507176 elementor-widget elementor-widget-text-editor\" data-id=\"8507176\" data-element_type=\"widget\" data-e-type=\"widget\" data-widget_type=\"text-editor.default\">\n\t\t\t\t<div class=\"elementor-widget-container\">\n\t\t\t\t\t\t\t\t\t<p>Diese Website soll dazu dienen dem interessiertem Besucher n\u00fctzliche Informationen \u00fcber die Fey + Pfaff GmbH zu liefern.<br \/><br \/><br \/><b>Haftung f\u00fcr die Inhalte:<\/b><br \/><br \/>Die Fey + Pfaff GmbH verwendet angemessene Sorgfalt darauf, dass die Inhalte der Website zum Zeitpunkt ihrer Einstellung aktuell sind. F\u00fcr die Aktualit\u00e4t, Korrektheit, Vollst\u00e4ndigkeit und Qualit\u00e4t der bereitgestellten Informationen wird jedoch keine Gew\u00e4hr \u00fcbernommen. Alle Angebote sind freibleibend und unverbindlich. Die Fey + Pfaff GmbH beh\u00e4lt sich vor Teile der Seiten oder das gesamte Angebot ohne gesonderte Ank\u00fcndigung zu ver\u00e4ndern, zu erg\u00e4nzen, zu l\u00f6schen oder die Ver\u00f6ffentlichung zeitweise oder endg\u00fcltig einzustellen.<br \/><br \/><br \/><b>Bildnachweise:<\/b><br \/><br \/>Corbis.de<br \/>RF248694<br \/>zefa-13850001054<br \/><br \/>fotolia.com<br \/>fotolia_20837695<br \/><br \/><br \/><b>Haftung f\u00fcr Links und Verweise:<\/b><br \/><br \/>Dies Website enth\u00e4lt Links und Verweise auf Websites Dritter. Die Fey + Pfaff GmbH hat keine Einfluss auf die Websites Dritter, weder auf deren Aktualit\u00e4t noch deren Inhalte. Deshalb \u00fcbernimmt die Fey + Pfaff GmbH keinerlei Gew\u00e4hr f\u00fcr diese Websites.<br \/><br \/><br \/><b>Urheberrecht und Kennzeichenrecht:<\/b><br \/><br \/>Alle Inhalte und Werke dieser Website unterliegen dem deutschen Urheberrecht. Jegliche Verbreitung, Vervielf\u00e4ltigung und Bearbeitung ist ohne die schriftliche Zustimmung der Fey + Pfaff GmbH nicht erlaubt.<br \/><br \/><br \/><b>Datenschutz:<\/b><br \/><br \/>Sofern innerhalb des Internetangebots der Firma Fey + Pfaff GmbH die M\u00f6glichkeit zur Eingabe pers\u00f6nlicher oder gesch\u00e4ftlicher Daten (E-Mail Adressen, Name, Anschrift) besteht, so erfolgt die Preisgabe dieser Daten seitens des Nutzers auf ausdr\u00fccklich freiwilliger Basis. Ihre Daten werden selbstverst\u00e4ndlich vertraulich behandelt und nicht an Dritte weitergegeben oder weiterver\u00e4u\u00dfert.<br \/><br \/><br \/><b>Rechtwirksamkeit dieses Haftungsausschlusses:<\/b><br \/><br \/>Sofern Teile oder einzelne Formulierungen dieses Haftungsausschlusses der geltenden Rechtslage nicht, nicht mehr oder nicht vollst\u00e4ndig entsprechen sollten, bleiben die \u00fcbrigen Teile des Dokuments in ihren Inhalt und ihrer G\u00fcltigkeit davon unber\u00fchrt.<\/p>\t\t\t\t\t\t\t\t<\/div>\n\t\t\t\t<\/div>\n\t\t\t\t\t<\/div>\n\t\t<\/div>\n\t\t\t\t\t<\/div>\n\t\t<\/section>\n\t\t\t\t<\/div>\n\t\t","protected":false},"excerpt":{"rendered":"<p>Haftungsausschluss \/ Disclaimer Diese Website soll dazu dienen dem interessiertem Besucher n\u00fctzliche Informationen \u00fcber die Fey + Pfaff GmbH zu liefern. Haftung f\u00fcr die Inhalte: Die Fey + Pfaff GmbH verwendet angemessene Sorgfalt darauf, dass die Inhalte der Website zum Zeitpunkt ihrer Einstellung aktuell sind. F\u00fcr die Aktualit\u00e4t, Korrektheit, Vollst\u00e4ndigkeit und Qualit\u00e4t der bereitgestellten Informationen [&hellip;]<\/p>\n","protected":false},"author":1,"featured_media":443,"parent":0,"menu_order":0,"comment_status":"closed","ping_status":"closed","template":"","meta":{"footnotes":""},"class_list":["post-489","page","type-page","status-publish","has-post-thumbnail","hentry"],"_links":{"self":[{"href":"https:\/\/fey-pfaff.de\/wp\/index.php?rest_route=\/wp\/v2\/pages\/489","targetHints":{"allow":["GET"]}}],"collection":[{"href":"https:\/\/fey-pfaff.de\/wp\/index.php?rest_route=\/wp\/v2\/pages"}],"about":[{"href":"https:\/\/fey-pfaff.de\/wp\/index.php?rest_route=\/wp\/v2\/types\/page"}],"author":[{"embeddable":true,"href":"https:\/\/fey-pfaff.de\/wp\/index.php?rest_route=\/wp\/v2\/users\/1"}],"replies":[{"embeddable":true,"href":"https:\/\/fey-pfaff.de\/wp\/index.php?rest_route=%2Fwp%2Fv2%2Fcomments&post=489"}],"version-history":[{"count":2,"href":"https:\/\/fey-pfaff.de\/wp\/index.php?rest_route=\/wp\/v2\/pages\/489\/revisions"}],"predecessor-version":[{"id":495,"href":"https:\/\/fey-pfaff.de\/wp\/index.php?rest_route=\/wp\/v2\/pages\/489\/revisions\/495"}],"wp:featuredmedia":[{"embeddable":true,"href":"https:\/\/fey-pfaff.de\/wp\/index.php?rest_route=\/wp\/v2\/media\/443"}],"wp:attachment":[{"href":"https:\/\/fey-pfaff.de\/wp\/index.php?rest_route=%2Fwp%2Fv2%2Fmedia&parent=489"}],"curies":[{"name":"wp","href":"https:\/\/api.w.org\/{rel}","templated":true}]}}