{"id":485,"date":"2019-04-24T06:35:51","date_gmt":"2019-04-24T04:35:51","guid":{"rendered":"http:\/\/fey-pfaff.de\/wp\/?page_id=485"},"modified":"2024-06-24T15:41:28","modified_gmt":"2024-06-24T13:41:28","slug":"impressum","status":"publish","type":"page","link":"https:\/\/fey-pfaff.de\/wp\/?page_id=485","title":{"rendered":"Impressum"},"content":{"rendered":"\t\t<div data-elementor-type=\"wp-post\" data-elementor-id=\"485\" class=\"elementor elementor-485\">\n\t\t\t\t\t\t<section class=\"elementor-section elementor-top-section elementor-element elementor-element-e1bd31e elementor-section-boxed elementor-section-height-default elementor-section-height-default\" data-id=\"e1bd31e\" data-element_type=\"section\" data-e-type=\"section\">\n\t\t\t\t\t\t<div class=\"elementor-container elementor-column-gap-default\">\n\t\t\t\t\t<div class=\"elementor-column elementor-col-100 elementor-top-column elementor-element elementor-element-7656e0a\" data-id=\"7656e0a\" data-element_type=\"column\" data-e-type=\"column\">\n\t\t\t<div class=\"elementor-widget-wrap elementor-element-populated\">\n\t\t\t\t\t\t<div class=\"elementor-element elementor-element-4857e96 elementor-widget elementor-widget-heading\" data-id=\"4857e96\" data-element_type=\"widget\" data-e-type=\"widget\" data-widget_type=\"heading.default\">\n\t\t\t\t<div class=\"elementor-widget-container\">\n\t\t\t\t\t<h2 class=\"elementor-heading-title elementor-size-default\">Impressum<\/h2>\t\t\t\t<\/div>\n\t\t\t\t<\/div>\n\t\t\t\t\t<\/div>\n\t\t<\/div>\n\t\t\t\t\t<\/div>\n\t\t<\/section>\n\t\t\t\t<section class=\"elementor-section elementor-top-section elementor-element elementor-element-280ea8f elementor-section-boxed elementor-section-height-default elementor-section-height-default\" data-id=\"280ea8f\" data-element_type=\"section\" data-e-type=\"section\">\n\t\t\t\t\t\t<div class=\"elementor-container elementor-column-gap-default\">\n\t\t\t\t\t<div class=\"elementor-column elementor-col-100 elementor-top-column elementor-element elementor-element-ec6df2a\" data-id=\"ec6df2a\" data-element_type=\"column\" data-e-type=\"column\">\n\t\t\t<div class=\"elementor-widget-wrap\">\n\t\t\t\t\t\t\t<\/div>\n\t\t<\/div>\n\t\t\t\t\t<\/div>\n\t\t<\/section>\n\t\t\t\t<section class=\"elementor-section elementor-top-section elementor-element elementor-element-9ba9123 elementor-section-boxed elementor-section-height-default elementor-section-height-default\" data-id=\"9ba9123\" data-element_type=\"section\" data-e-type=\"section\">\n\t\t\t\t\t\t<div class=\"elementor-container elementor-column-gap-default\">\n\t\t\t\t\t<div class=\"elementor-column elementor-col-100 elementor-top-column elementor-element elementor-element-e1518cd\" data-id=\"e1518cd\" data-element_type=\"column\" data-e-type=\"column\">\n\t\t\t<div class=\"elementor-widget-wrap elementor-element-populated\">\n\t\t\t\t\t\t<div class=\"elementor-element elementor-element-0b6bab6 elementor-widget elementor-widget-text-editor\" data-id=\"0b6bab6\" data-element_type=\"widget\" data-e-type=\"widget\" data-widget_type=\"text-editor.default\">\n\t\t\t\t<div class=\"elementor-widget-container\">\n\t\t\t\t\t\t\t\t\t<h4 style=\"font-weight: 400;\"><strong>Fey + Pfaff GmbH<br \/><\/strong>Am Keuper 9<strong><br \/><\/strong>90475 N\u00fcrnberg<\/h4><p style=\"font-weight: 400;\"><br \/><strong>Vertreten durch<br \/><\/strong>den Gesch\u00e4ftsf\u00fchrer Sebastian Fey<\/p><p style=\"font-weight: 400;\">\u00a0<\/p><p style=\"font-weight: 400;\"><strong>Kontakt<\/strong><\/p><p style=\"font-weight: 400;\">Telefon: 09128 &#8211; 40 708-0<br \/>Telefax: 09128 &#8211; 40 708-29<br \/>E-Mail: <a href=\"mailto:info@fey-pfaff.de\">info@fey-pfaff.de<\/a><\/p><p style=\"font-weight: 400;\">\u00a0<\/p><p style=\"font-weight: 400;\"><strong>Registereintrag<\/strong><\/p><p style=\"font-weight: 400;\">Eintragung im Handelsregister.<br \/>Registergericht: Amtsgericht N\u00fcrnberg<br \/>Registernummer: HRB Nr. 12571<\/p><p style=\"font-weight: 400;\">\u00a0<\/p><p style=\"font-weight: 400;\"><strong>Umsatzsteuer<\/strong><\/p><p style=\"font-weight: 400;\">Umsatzsteuer-Identifikationsnummer gem\u00e4\u00df \u00a727 a Umsatzsteuergesetz:<br \/>DE165296720<\/p><p style=\"font-weight: 400;\">\u00a0<\/p><p style=\"font-weight: 400;\"><strong>Verbraucherstreitbeilegung\/Universalschlichtungsstelle<\/strong><\/p><p style=\"font-weight: 400;\">Wir sind nicht bereit oder verpflichtet, an Streitbeilegungsverfahren vor einer Verbraucherschlichtungsstelle teilzunehmen.<\/p><p>\u00a0<\/p><p><b>Weiterf\u00fchrende Links<\/b><\/p><p>F\u00fcr den Inhalt der Internetangebote Dritter, die auf diesen Seiten vorgestellt werden, tr\u00e4gt die Fey + Pfaff GmbH keine Verantwortung und \u00fcbernimmt daf\u00fcr keine Haftung. Die Links sollen eine Erleichterung f\u00fcr Ihre Informationssuche im Internet darstellen. F\u00fcr den Inhalt der gelinkten Seiten sind die jeweiligen Anbieter verantwortlich; eine Gew\u00e4hr f\u00fcr die Inhalte kann nicht \u00fcbernommen werden. Bei den aufgef\u00fchrten Namen und Bezeichnungen kann es sich um gesch\u00fctzte Begriffe handeln.<\/p>\t\t\t\t\t\t\t\t<\/div>\n\t\t\t\t<\/div>\n\t\t\t\t\t<\/div>\n\t\t<\/div>\n\t\t\t\t\t<\/div>\n\t\t<\/section>\n\t\t\t\t<\/div>\n\t\t","protected":false},"excerpt":{"rendered":"<p>Impressum Fey + Pfaff GmbHAm Keuper 990475 N\u00fcrnberg Vertreten durchden Gesch\u00e4ftsf\u00fchrer Sebastian Fey \u00a0 Kontakt Telefon: 09128 &#8211; 40 708-0Telefax: 09128 &#8211; 40 708-29E-Mail: info@fey-pfaff.de \u00a0 Registereintrag Eintragung im Handelsregister.Registergericht: Amtsgericht N\u00fcrnbergRegisternummer: HRB Nr. 12571 \u00a0 Umsatzsteuer Umsatzsteuer-Identifikationsnummer gem\u00e4\u00df \u00a727 a Umsatzsteuergesetz:DE165296720 \u00a0 Verbraucherstreitbeilegung\/Universalschlichtungsstelle Wir sind nicht bereit oder verpflichtet, an Streitbeilegungsverfahren vor einer Verbraucherschlichtungsstelle [&hellip;]<\/p>\n","protected":false},"author":1,"featured_media":443,"parent":0,"menu_order":0,"comment_status":"closed","ping_status":"closed","template":"","meta":{"footnotes":""},"class_list":["post-485","page","type-page","status-publish","has-post-thumbnail","hentry"],"_links":{"self":[{"href":"https:\/\/fey-pfaff.de\/wp\/index.php?rest_route=\/wp\/v2\/pages\/485","targetHints":{"allow":["GET"]}}],"collection":[{"href":"https:\/\/fey-pfaff.de\/wp\/index.php?rest_route=\/wp\/v2\/pages"}],"about":[{"href":"https:\/\/fey-pfaff.de\/wp\/index.php?rest_route=\/wp\/v2\/types\/page"}],"author":[{"embeddable":true,"href":"https:\/\/fey-pfaff.de\/wp\/index.php?rest_route=\/wp\/v2\/users\/1"}],"replies":[{"embeddable":true,"href":"https:\/\/fey-pfaff.de\/wp\/index.php?rest_route=%2Fwp%2Fv2%2Fcomments&post=485"}],"version-history":[{"count":14,"href":"https:\/\/fey-pfaff.de\/wp\/index.php?rest_route=\/wp\/v2\/pages\/485\/revisions"}],"predecessor-version":[{"id":2730,"href":"https:\/\/fey-pfaff.de\/wp\/index.php?rest_route=\/wp\/v2\/pages\/485\/revisions\/2730"}],"wp:featuredmedia":[{"embeddable":true,"href":"https:\/\/fey-pfaff.de\/wp\/index.php?rest_route=\/wp\/v2\/media\/443"}],"wp:attachment":[{"href":"https:\/\/fey-pfaff.de\/wp\/index.php?rest_route=%2Fwp%2Fv2%2Fmedia&parent=485"}],"curies":[{"name":"wp","href":"https:\/\/api.w.org\/{rel}","templated":true}]}}